{"id":39563,"date":"2025-04-01T15:48:44","date_gmt":"2025-04-01T13:48:44","guid":{"rendered":"https:\/\/aigal-studio.ch\/?page_id=39563"},"modified":"2026-03-12T10:13:35","modified_gmt":"2026-03-12T09:13:35","slug":"impression-photo","status":"publish","type":"page","link":"https:\/\/aigal-studio.ch\/en\/photographe-geneve\/impression-photo\/","title":{"rendered":"Impression photo \u00e0 Gen\u00e8ve"},"content":{"rendered":"<h1>Impression photo instantan\u00e9e \u00e0 Gen\u00e8ve<\/h1>\n<p>Vous cherchez un service d&rsquo;<strong>impression photo instantan\u00e9e \u00e0 Gen\u00e8ve<\/strong> pour votre <a href=\"https:\/\/aigal.ch\" target=\"_blank\" rel=\"noopener\"><strong>mariage<\/strong><\/a>, <strong>soir\u00e9e priv\u00e9e<\/strong> ou <a href=\"https:\/\/aigal-studio.ch\/en\/photographe-geneve\/evenementiel\/\"><strong>\u00e9v\u00e9nement d&rsquo;entreprise<\/strong><\/a> ? Aigal Studio vous propose une solution cl\u00e9 en main avec <a href=\"https:\/\/aigal-studio.ch\/en\/photographe-geneve\/\">photographe<\/a>, <strong>photobooth<\/strong> et <strong>tirage photo rapide<\/strong> sur imprimante professionnelle <a href=\"https:\/\/www.dnpphoto.eu\/fr\/produits\/imprimantes-photo\/item\/104-ds-rx1\" target=\"_blank\" rel=\"noopener\">DNP RX1<\/a>. Offrez un souvenir inoubliable \u00e0 vos invit\u00e9s !<\/p>\n<h2>Service d&rsquo;impression photo pour \u00e9v\u00e9nements \u00e0 Gen\u00e8ve<\/h2>\n<h3>Photobooth avec impression sur place<\/h3>\n<p>Associez notre service d\u2019impression instantan\u00e9e \u00e0 un photobooth professionnel pour une exp\u00e9rience encore plus immersive.<\/p>\n<h3>\u00c9v\u00e9nements d\u2019entreprise et corporate<\/h3>\n<p>Personnalisez les impressions avec le logo de votre entreprise pour une communication originale et impactante.<\/p>\n<h3>Mariages et f\u00eates priv\u00e9es<\/h3>\n<p>Proposez un bar \u00e0 tirages photos pour que vos invit\u00e9s repartent avec un souvenir instantan\u00e9 de votre journ\u00e9e.<\/p>\n<h2>Tarifs d&rsquo;impression photo<\/h2>\n<p>Nous proposons des forfaits fixes pour l&rsquo;impression de photos en direct lors de vos \u00e9v\u00e9nements.<\/p>\n<h3>Nos forfaits impression photo<\/h3>\n<ul>\n<li><a href=\"#\">\n<p>\n\t\t\t\t\t\t\tForfait 2 heures\t\t\t\t\t\t<\/p>\n<p>\t\t\t\t\t\t\t\t\t\t\t\t\t\t\t\t\t\t\t650 CHF<\/p>\n<p>\n\t\t\t\t\t\t\tPrestation incluant l&rsquo;imprimante DNP RX1, le papier photo et la mise en place ainsi qu&rsquo;un photographe.\t\t\t\t\t\t<\/p>\n<p>\t\t\t\t<\/a><\/li>\n<li><a href=\"#\">\n<p>\n\t\t\t\t\t\t\tForfait 4 heures\t\t\t\t\t\t<\/p>\n<p>\t\t\t\t\t\t\t\t\t\t\t\t\t\t\t\t\t\t\t950 CHF<\/p>\n<p>\n\t\t\t\t\t\t\tPrestation incluant l&rsquo;imprimante DNP RX1, le papier photo et la mise en place ainsi qu&rsquo;un photographe.\t\t\t\t\t\t<\/p>\n<p>\t\t\t\t<\/a><\/li>\n<li><a href=\"#\">\n<p>\n\t\t\t\t\t\t\tAssistante impression photo\t\t\t\t\t\t<\/p>\n<p>\t\t\t\t\t\t\t\t\t\t\t\t\t\t\t\t\t\t\tTarif horaire &#8211; 100 CHF<\/p>\n<p>\n\t\t\t\t\t\t\t\u00ab\u00a0Simplifiez la s\u00e9ance photo gr\u00e2ce \u00e0 notre assistante, qui se chargera d&rsquo;aider vos invit\u00e9s et de distribuer les photos avec efficacit\u00e9.\u00a0\u00bb\t\t\t\t\t\t<\/p>\n<p>\t\t\t\t<\/a><\/li>\n<\/ul>\n<h2>Pourquoi choisir Aigal Studio pour vos impressions ?<\/h2>\n<p>\ud83d\udcf8 <strong data-start=\"781\" data-end=\"808\">Qualit\u00e9 professionnelle<\/strong> \u2013 Des impressions nettes, aux couleurs \u00e9clatantes et durables.<br data-start=\"871\" data-end=\"874\" \/>\u26a1 <strong data-start=\"876\" data-end=\"892\">Ultra-rapide<\/strong> \u2013 Chaque photo est imprim\u00e9e en moins de 15 secondes.<br data-start=\"945\" data-end=\"948\" \/>\ud83c\udf89 <strong data-start=\"951\" data-end=\"977\">Exp\u00e9rience interactive<\/strong> \u2013 Vos invit\u00e9s repartent avec un souvenir tangible de votre \u00e9v\u00e9nement.<br data-start=\"1047\" data-end=\"1050\" \/>\ud83d\udccf <strong data-start=\"1053\" data-end=\"1071\">Formats vari\u00e9s<\/strong> \u2013 Impression au format 10&#215;15 cm, 15&#215;20 cm et bandes photo type photobooth.<\/p>\n<p>\t\t\t\t\t<a href=\"https:\/\/aigal-studio.ch\/en\/contact\/\"><\/p>\n<h2>\n\t\t\t\t\t\tR\u00e9servez votre prestation d\u2019impression photo \u00e0 Gen\u00e8ve\t\t\t\t\t<\/h2>\n<p>\t\t\t\t\t\tVous souhaitez proposer l\u2019impression photo instantan\u00e9e \u00e0 votre prochain \u00e9v\u00e9nement ? Contactez-nous d\u00e8s aujourd\u2019hui pour un devis personnalis\u00e9 et faites vivre \u00e0 vos invit\u00e9s une exp\u00e9rience inoubliable.<br \/>\n\t\t\t\t\t\t\u2709\ufe0f Contactez-nous<br \/>\n\t\t\t\t\t\t<\/a><\/p>","protected":false},"excerpt":{"rendered":"<p>Impression photo instantan\u00e9e \u00e0 Gen\u00e8ve Vous cherchez un service d&rsquo;impression photo instantan\u00e9e \u00e0 Gen\u00e8ve pour votre mariage, soir\u00e9e priv\u00e9e ou \u00e9v\u00e9nement d&rsquo;entreprise ? Aigal Studio vous propose une solution cl\u00e9 en main avec photographe, photobooth et tirage photo rapide sur imprimante professionnelle DNP RX1. Offrez un souvenir inoubliable \u00e0 vos invit\u00e9s ! Service d&rsquo;impression photo [&hellip;]<\/p>\n","protected":false},"author":1,"featured_media":35592,"parent":4821,"menu_order":1,"comment_status":"closed","ping_status":"closed","template":"elementor_theme","meta":{"_acf_changed":false,"footnotes":""},"class_list":["post-39563","page","type-page","status-publish","has-post-thumbnail","hentry"],"acf":[],"_links":{"self":[{"href":"https:\/\/aigal-studio.ch\/en\/wp-json\/wp\/v2\/pages\/39563","targetHints":{"allow":["GET"]}}],"collection":[{"href":"https:\/\/aigal-studio.ch\/en\/wp-json\/wp\/v2\/pages"}],"about":[{"href":"https:\/\/aigal-studio.ch\/en\/wp-json\/wp\/v2\/types\/page"}],"author":[{"embeddable":true,"href":"https:\/\/aigal-studio.ch\/en\/wp-json\/wp\/v2\/users\/1"}],"replies":[{"embeddable":true,"href":"https:\/\/aigal-studio.ch\/en\/wp-json\/wp\/v2\/comments?post=39563"}],"version-history":[{"count":40,"href":"https:\/\/aigal-studio.ch\/en\/wp-json\/wp\/v2\/pages\/39563\/revisions"}],"predecessor-version":[{"id":39611,"href":"https:\/\/aigal-studio.ch\/en\/wp-json\/wp\/v2\/pages\/39563\/revisions\/39611"}],"up":[{"embeddable":true,"href":"https:\/\/aigal-studio.ch\/en\/wp-json\/wp\/v2\/pages\/4821"}],"wp:featuredmedia":[{"embeddable":true,"href":"https:\/\/aigal-studio.ch\/en\/wp-json\/wp\/v2\/media\/35592"}],"wp:attachment":[{"href":"https:\/\/aigal-studio.ch\/en\/wp-json\/wp\/v2\/media?parent=39563"}],"curies":[{"name":"wp","href":"https:\/\/api.w.org\/{rel}","templated":true}]}}