{"id":21975,"date":"2021-02-08T22:08:40","date_gmt":"2021-02-08T21:08:40","guid":{"rendered":"https:\/\/aigal-studio.fr\/?page_id=21975"},"modified":"2026-03-12T14:47:58","modified_gmt":"2026-03-12T13:47:58","slug":"contact","status":"publish","type":"page","link":"https:\/\/aigal-studio.ch\/en\/contact\/","title":{"rendered":"Contactez un photographe \u00e0 Gen\u00e8ve"},"content":{"rendered":"\t\t<div data-elementor-type=\"wp-page\" data-elementor-id=\"21975\" class=\"elementor elementor-21975\" data-elementor-post-type=\"page\">\n\t\t\t\t<div class=\"elementor-element elementor-element-04a2dfd e-con-full e-flex e-con e-parent\" data-id=\"04a2dfd\" data-element_type=\"container\" data-e-type=\"container\" data-settings=\"{&quot;background_background&quot;:&quot;classic&quot;}\">\n\t\t\t\t<div class=\"elementor-element elementor-element-4b79db5 elementor-widget__width-inherit elementor-widget elementor-widget-text-editor\" data-id=\"4b79db5\" data-element_type=\"widget\" data-e-type=\"widget\" data-widget_type=\"text-editor.default\">\n\t\t\t\t\t\t\t\t\t<h1 class=\"text-text-100 mt-3 -mb-1 text-[1.375rem] font-bold\">Demandez un devis \u00e0 votre photographe \u00e9v\u00e9nementiel \u00e0 Gen\u00e8ve<\/h1><p class=\"font-claude-response-body break-words whitespace-normal leading-[1.7]\">Vous avez un projet photo ou vid\u00e9o \u00e0 Gen\u00e8ve ? D\u00e9crivez-nous votre \u00e9v\u00e9nement et recevez un devis personnalis\u00e9 sous 24 heures.<\/p>\t\t\t\t\t\t\t\t<\/div>\n\t\t\t\t<div class=\"elementor-element elementor-element-427aebb elementor-widget__width-initial elementor-widget elementor-widget-text-editor\" data-id=\"427aebb\" data-element_type=\"widget\" data-e-type=\"widget\" data-widget_type=\"text-editor.default\">\n\t\t\t\t\t\t\t\t\t<h2 class=\"text-text-100 mt-3 -mb-1 text-[1.125rem] font-bold\">Nous contacter directement<\/h2><p class=\"font-claude-response-body break-words whitespace-normal leading-[1.7]\"><strong>T\u00e9l\u00e9phone :<\/strong> <a class=\"underline underline underline-offset-2 decoration-1 decoration-current\/40 hover:decoration-current focus:decoration-current\" href=\"tel:+41788789288\">+41 78 878 92 88<\/a><\/p><p class=\"font-claude-response-body break-words whitespace-normal leading-[1.7]\"><strong>Email :<\/strong> <a class=\"underline underline underline-offset-2 decoration-1 decoration-current\/40 hover:decoration-current focus:decoration-current\" href=\"mailto:info@aigal-studio.ch\">info@aigal-studio.ch<\/a><\/p><p class=\"font-claude-response-body break-words whitespace-normal leading-[1.7]\"><strong>D\u00e9lai de r\u00e9ponse :<\/strong> Nous r\u00e9pondons \u00e0 toutes les demandes sous 24 heures ouvrables. Si vous n&rsquo;avez pas re\u00e7u de r\u00e9ponse, pensez \u00e0 v\u00e9rifier vos courriers ind\u00e9sirables.<\/p><p class=\"font-claude-response-body break-words whitespace-normal leading-[1.7]\"><strong>R\u00e9seaux sociaux :<\/strong><\/p><ul class=\"[li_&amp;]:mb-0 [li_&amp;]:mt-1 [li_&amp;]:gap-1 [&amp;:not(:last-child)_ul]:pb-1 [&amp;:not(:last-child)_ol]:pb-1 list-disc flex flex-col gap-1 pl-8 mb-3\"><li class=\"whitespace-normal break-words pl-2\"><a class=\"underline underline underline-offset-2 decoration-1 decoration-current\/40 hover:decoration-current focus:decoration-current\" href=\"https:\/\/www.instagram.com\/aigal_studio\/\" target=\"_blank\" rel=\"noopener\">Instagram<\/a><\/li><li class=\"whitespace-normal break-words pl-2\"><a class=\"underline underline underline-offset-2 decoration-1 decoration-current\/40 hover:decoration-current focus:decoration-current\" href=\"https:\/\/www.linkedin.com\/in\/emeric-caron\/\" target=\"_blank\" rel=\"noopener\">LinkedIn<\/a><\/li><\/ul><h3 class=\"text-text-100 mt-3 -mb-1 text-[1.125rem] font-bold\">Aigal Studio &#8211; Photographe et vid\u00e9aste \u00e0 Gen\u00e8ve<\/h3><p class=\"font-claude-response-body break-words whitespace-normal leading-[1.7]\">Bas\u00e9s \u00e0 Gen\u00e8ve, nous intervenons dans toute la Suisse romande, en France voisine, Paris et capitales Europ\u00e9ennes pour vos \u00e9v\u00e9nements corporate, conf\u00e9rences, portraits professionnels et productions vid\u00e9o.<\/p><p class=\"font-claude-response-body break-words whitespace-normal leading-[1.7]\"><strong>Num\u00e9ro IDE :<\/strong> CHE-156.921.384<br \/><strong>Num\u00e9ro de TVA :<\/strong> CHE-156.921.384 TVA<\/p>\t\t\t\t\t\t\t\t<\/div>\n\t\t\t\t<div class=\"elementor-element elementor-element-3c3b7f7 elementor-widget__width-initial elementor-button-align-stretch elementor-widget elementor-widget-form\" data-id=\"3c3b7f7\" data-element_type=\"widget\" data-e-type=\"widget\" data-settings=\"{&quot;step_next_label&quot;:&quot;Next&quot;,&quot;step_previous_label&quot;:&quot;Previous&quot;,&quot;button_width&quot;:&quot;100&quot;,&quot;step_type&quot;:&quot;number_text&quot;,&quot;step_icon_shape&quot;:&quot;circle&quot;}\" data-widget_type=\"form.default\">\n\t\t\t\t\t\t\t<form class=\"elementor-form\" method=\"post\" id=\"Contact\" name=\"Form\" aria-label=\"Form\">\n\t\t\t<input type=\"hidden\" name=\"post_id\" value=\"21975\"\/>\n\t\t\t<input type=\"hidden\" name=\"form_id\" value=\"3c3b7f7\"\/>\n\t\t\t<input type=\"hidden\" name=\"referer_title\" value=\"Contactez Aigal Studio \u2014 Photographe &amp; Vid\u00e9aste \u00e0 Gen\u00e8ve\" \/>\n\n\t\t\t\t\t\t\t<input type=\"hidden\" name=\"queried_id\" value=\"21975\"\/>\n\t\t\t\n\t\t\t<div class=\"elementor-form-fields-wrapper elementor-labels-above\">\n\t\t\t\t\t\t\t\t<div class=\"elementor-field-type-html elementor-field-group elementor-column elementor-field-group-field_69075e5 elementor-col-100\">\n\t\t\t\t\t<h2>Formulaire de contact<\/h2>\t\t\t\t<\/div>\n\t\t\t\t\t\t\t\t<div class=\"elementor-field-type-text elementor-field-group elementor-column elementor-field-group-field_prenom elementor-col-50 elementor-field-required\">\n\t\t\t\t\t\t\t\t\t\t\t\t\t<input size=\"1\" type=\"text\" name=\"form_fields[field_prenom]\" id=\"form-field-field_prenom\" class=\"elementor-field elementor-size-sm  elementor-field-textual\" placeholder=\"Pr\u00e9nom\" required=\"required\">\n\t\t\t\t\t\t\t\t\t\t\t<\/div>\n\t\t\t\t\t\t\t\t<div class=\"elementor-field-type-text elementor-field-group elementor-column elementor-field-group-field_name elementor-col-50 elementor-field-required\">\n\t\t\t\t\t\t\t\t\t\t\t\t\t<input size=\"1\" type=\"text\" name=\"form_fields[field_name]\" id=\"form-field-field_name\" class=\"elementor-field elementor-size-sm  elementor-field-textual\" placeholder=\"Nom\" required=\"required\">\n\t\t\t\t\t\t\t\t\t\t\t<\/div>\n\t\t\t\t\t\t\t\t<div class=\"elementor-field-type-tel elementor-field-group elementor-column elementor-field-group-field_phone elementor-col-100\">\n\t\t\t\t\t\t\t<input size=\"1\" type=\"tel\" name=\"form_fields[field_phone]\" id=\"form-field-field_phone\" class=\"elementor-field elementor-size-sm  elementor-field-textual\" placeholder=\"T\u00e9l\u00e9phone (Optionnel)\" pattern=\"[0-9()#&amp;+*-=.]+\" title=\"Only numbers and phone characters (#, -, *, etc) are accepted.\">\n\n\t\t\t\t\t\t<\/div>\n\t\t\t\t\t\t\t\t<div class=\"elementor-field-type-email elementor-field-group elementor-column elementor-field-group-field_email elementor-col-100 elementor-field-required\">\n\t\t\t\t\t\t\t\t\t\t\t\t\t<input size=\"1\" type=\"email\" name=\"form_fields[field_email]\" id=\"form-field-field_email\" class=\"elementor-field elementor-size-sm  elementor-field-textual\" placeholder=\"Email\" required=\"required\">\n\t\t\t\t\t\t\t\t\t\t\t<\/div>\n\t\t\t\t\t\t\t\t<div class=\"elementor-field-type-select elementor-field-group elementor-column elementor-field-group-field_a5bbbb9 elementor-col-100\">\n\t\t\t\t\t\t\t\t\t\t\t\t<label for=\"form-field-field_a5bbbb9\" class=\"elementor-field-label\">\n\t\t\t\t\t\t\t\tType de prestation\t\t\t\t\t\t\t<\/label>\n\t\t\t\t\t\t\t\t<div class=\"elementor-field elementor-select-wrapper remove-before \">\n\t\t\t<div class=\"select-caret-down-wrapper\">\n\t\t\t\t<svg aria-hidden=\"true\" class=\"e-font-icon-svg e-eicon-caret-down\" viewBox=\"0 0 571.4 571.4\" xmlns=\"http:\/\/www.w3.org\/2000\/svg\"><path d=\"M571 393Q571 407 561 418L311 668Q300 679 286 679T261 668L11 418Q0 407 0 393T11 368 36 357H536Q550 357 561 368T571 393Z\"><\/path><\/svg>\t\t\t<\/div>\n\t\t\t<select name=\"form_fields[field_a5bbbb9]\" id=\"form-field-field_a5bbbb9\" class=\"elementor-field-textual elementor-size-sm\">\n\t\t\t\t\t\t\t\t\t<option value=\"Reportage photo \u00e9v\u00e9nementiel\">Reportage photo \u00e9v\u00e9nementiel<\/option>\n\t\t\t\t\t\t\t\t\t<option value=\"Reportage photo conf\u00e9rence\">Reportage photo conf\u00e9rence<\/option>\n\t\t\t\t\t\t\t\t\t<option value=\"Portrait professionnel corporate\">Portrait professionnel corporate<\/option>\n\t\t\t\t\t\t\t\t\t<option value=\"R\u00e9alisation vid\u00e9o\">R\u00e9alisation vid\u00e9o<\/option>\n\t\t\t\t\t\t\t\t\t<option value=\"Photo + Vid\u00e9o\">Photo + Vid\u00e9o<\/option>\n\t\t\t\t\t\t\t\t\t<option value=\"Autre\">Autre<\/option>\n\t\t\t\t\t\t\t<\/select>\n\t\t<\/div>\n\t\t\t\t\t\t<\/div>\n\t\t\t\t\t\t\t\t<div class=\"elementor-field-type-date elementor-field-group elementor-column elementor-field-group-field_c08c78c elementor-col-100\">\n\t\t\t\t\t\t\t\t\t\t\t\t<label for=\"form-field-field_c08c78c\" class=\"elementor-field-label\">\n\t\t\t\t\t\t\t\tDate de l'\u00e9v\u00e9nement\t\t\t\t\t\t\t<\/label>\n\t\t\t\t\t\t\n\t\t<input type=\"date\" name=\"form_fields[field_c08c78c]\" id=\"form-field-field_c08c78c\" class=\"elementor-field elementor-size-sm  elementor-field-textual elementor-date-field\" pattern=\"[0-9]{4}-[0-9]{2}-[0-9]{2}\">\n\t\t\t\t\t\t<\/div>\n\t\t\t\t\t\t\t\t<div class=\"elementor-field-type-text elementor-field-group elementor-column elementor-field-group-field_c986241 elementor-col-100\">\n\t\t\t\t\t\t\t\t\t\t\t\t<label for=\"form-field-field_c986241\" class=\"elementor-field-label\">\n\t\t\t\t\t\t\t\tLieu\t\t\t\t\t\t\t<\/label>\n\t\t\t\t\t\t\t\t\t\t\t\t\t\t<input size=\"1\" type=\"text\" name=\"form_fields[field_c986241]\" id=\"form-field-field_c986241\" class=\"elementor-field elementor-size-sm  elementor-field-textual\" placeholder=\"Lieu (ex : Gen\u00e8ve, Lausanne, Palexpo...)\">\n\t\t\t\t\t\t\t\t\t\t\t<\/div>\n\t\t\t\t\t\t\t\t<div class=\"elementor-field-type-select elementor-field-group elementor-column elementor-field-group-field_272e656 elementor-col-100\">\n\t\t\t\t\t\t\t\t\t\t\t\t<label for=\"form-field-field_272e656\" class=\"elementor-field-label\">\n\t\t\t\t\t\t\t\tBudget estim\u00e9\t\t\t\t\t\t\t<\/label>\n\t\t\t\t\t\t\t\t<div class=\"elementor-field elementor-select-wrapper remove-before \">\n\t\t\t<div class=\"select-caret-down-wrapper\">\n\t\t\t\t<svg aria-hidden=\"true\" class=\"e-font-icon-svg e-eicon-caret-down\" viewBox=\"0 0 571.4 571.4\" xmlns=\"http:\/\/www.w3.org\/2000\/svg\"><path d=\"M571 393Q571 407 561 418L311 668Q300 679 286 679T261 668L11 418Q0 407 0 393T11 368 36 357H536Q550 357 561 368T571 393Z\"><\/path><\/svg>\t\t\t<\/div>\n\t\t\t<select name=\"form_fields[field_272e656]\" id=\"form-field-field_272e656\" class=\"elementor-field-textual elementor-size-sm\">\n\t\t\t\t\t\t\t\t\t<option value=\"Moins de CHF 500\">Moins de CHF 500<\/option>\n\t\t\t\t\t\t\t\t\t<option value=\"CHF 500 \u2013 1&#039;000\">CHF 500 \u2013 1&#039;000<\/option>\n\t\t\t\t\t\t\t\t\t<option value=\"CHF 1&#039;000 \u2013 2&#039;000\">CHF 1&#039;000 \u2013 2&#039;000<\/option>\n\t\t\t\t\t\t\t\t\t<option value=\"Plus de CHF 2&#039;000\">Plus de CHF 2&#039;000<\/option>\n\t\t\t\t\t\t\t\t\t<option value=\"Je ne sais pas encore\">Je ne sais pas encore<\/option>\n\t\t\t\t\t\t\t<\/select>\n\t\t<\/div>\n\t\t\t\t\t\t<\/div>\n\t\t\t\t\t\t\t\t<div class=\"elementor-field-type-textarea elementor-field-group elementor-column elementor-field-group-field_message elementor-col-100 elementor-field-required\">\n\t\t\t\t\t\t\t\t\t\t\t\t<label for=\"form-field-field_message\" class=\"elementor-field-label\">\n\t\t\t\t\t\t\t\tMessage\t\t\t\t\t\t\t<\/label>\n\t\t\t\t\t\t<textarea class=\"elementor-field-textual elementor-field  elementor-size-sm\" name=\"form_fields[field_message]\" id=\"form-field-field_message\" rows=\"7\" placeholder=\"D\u00e9crivez votre projet \u2014 type d&#039;\u00e9v\u00e9nement, nombre de participants, attentes particuli\u00e8res...\" required=\"required\"><\/textarea>\t\t\t\t<\/div>\n\t\t\t\t\t\t\t\t<div class=\"elementor-field-type-recaptcha_v3 elementor-field-group elementor-column elementor-field-group-field_0170b4e elementor-col-100 recaptcha_v3-bottomright\">\n\t\t\t\t\t<div class=\"elementor-field\" id=\"form-field-field_0170b4e\"><div class=\"elementor-g-recaptcha\" data-sitekey=\"6LdyxGYcAAAAAAQ0AqSaJ3cMbbrm1UnR62TpJyN-\" data-type=\"v3\" data-action=\"Form\" data-badge=\"bottomright\" data-size=\"invisible\"><\/div><\/div>\t\t\t\t<\/div>\n\t\t\t\t\t\t\t\t<div class=\"elementor-field-group elementor-column elementor-field-type-submit elementor-col-100 e-form__buttons\">\n\t\t\t\t\t<button class=\"elementor-button elementor-size-sm\" type=\"submit\">\n\t\t\t\t\t\t<span class=\"elementor-button-content-wrapper\">\n\t\t\t\t\t\t\t\t\t\t\t\t\t\t\t\t\t\t\t\t\t\t<span class=\"elementor-button-text\">Envoyer ma demande<\/span>\n\t\t\t\t\t\t\t\t\t\t\t\t\t<\/span>\n\t\t\t\t\t<\/button>\n\t\t\t\t<\/div>\n\t\t\t<\/div>\n\t\t<\/form>\n\t\t\t\t\t\t<\/div>\n\t\t\t\t<\/div>\n\t\t\t\t<\/div>\n\t\t","protected":false},"excerpt":{"rendered":"<p>Demandez un devis \u00e0 votre photographe \u00e9v\u00e9nementiel \u00e0 Gen\u00e8ve Vous avez un projet photo ou vid\u00e9o \u00e0 Gen\u00e8ve ? D\u00e9crivez-nous votre \u00e9v\u00e9nement et recevez un devis personnalis\u00e9 sous 24 heures. Nous contacter directement T\u00e9l\u00e9phone : +41 78 878 92 88 Email : info@aigal-studio.ch D\u00e9lai de r\u00e9ponse : Nous r\u00e9pondons \u00e0 toutes les demandes sous 24 [&hellip;]<\/p>\n","protected":false},"author":1,"featured_media":0,"parent":0,"menu_order":5,"comment_status":"closed","ping_status":"closed","template":"elementor_header_footer","meta":{"_acf_changed":false,"footnotes":""},"class_list":["post-21975","page","type-page","status-publish","hentry"],"acf":[],"_links":{"self":[{"href":"https:\/\/aigal-studio.ch\/en\/wp-json\/wp\/v2\/pages\/21975","targetHints":{"allow":["GET"]}}],"collection":[{"href":"https:\/\/aigal-studio.ch\/en\/wp-json\/wp\/v2\/pages"}],"about":[{"href":"https:\/\/aigal-studio.ch\/en\/wp-json\/wp\/v2\/types\/page"}],"author":[{"embeddable":true,"href":"https:\/\/aigal-studio.ch\/en\/wp-json\/wp\/v2\/users\/1"}],"replies":[{"embeddable":true,"href":"https:\/\/aigal-studio.ch\/en\/wp-json\/wp\/v2\/comments?post=21975"}],"version-history":[{"count":45,"href":"https:\/\/aigal-studio.ch\/en\/wp-json\/wp\/v2\/pages\/21975\/revisions"}],"predecessor-version":[{"id":40266,"href":"https:\/\/aigal-studio.ch\/en\/wp-json\/wp\/v2\/pages\/21975\/revisions\/40266"}],"wp:attachment":[{"href":"https:\/\/aigal-studio.ch\/en\/wp-json\/wp\/v2\/media?parent=21975"}],"curies":[{"name":"wp","href":"https:\/\/api.w.org\/{rel}","templated":true}]}}